{"id":73,"date":"2026-03-19T21:40:03","date_gmt":"2026-03-19T20:40:03","guid":{"rendered":"https:\/\/your-gift-card.de\/DE\/?page_id=73"},"modified":"2026-03-20T19:58:08","modified_gmt":"2026-03-20T18:58:08","slug":"portal-leistungen","status":"publish","type":"page","link":"https:\/\/your-gift-card.de\/DE\/portal-leistungen\/","title":{"rendered":"Portal \/ Leistungen"},"content":{"rendered":"\n<p>Sie m\u00f6chten Ihren Kunden nicht nur vorgefertigte und eigens beschriftete Geschenkkarten anbieten, sondern bevorzugen gedruckte L\u00f6sungen, bzw. Gutscheine per Email?<\/p>\n\n\n\n<p>Dann ist unser Online-Portal die richtige L\u00f6sung f\u00fcr Sie.<\/p>\n\n\n\n<p>Was wir Ihnen bieten?<\/p>\n\n\n\n<p>Sie erhalten Zugang zu Ihrem eigenen Portal f\u00fcr Geschenkkarten.<\/p>\n\n\n\n<p>Dort k\u00f6nnen Sie einfach eigenst\u00e4ndig Geschenkkarten im .PDF Format erstellen, und drucken, oder per Email an Ihre Kunden versenden. Unser Portal generiert dabei pro Gutschein eine eigene, Individuelle Gutscheinnummer.<\/p>\n\n\n\n<p>Sie k\u00f6nnen \u00fcber unser Portal den Gutscheinwert einsehen, sowie Teilbetr\u00e4ge, oder den gesamten Gutschein einl\u00f6sen.<\/p>\n\n\n\n<p>Zus\u00e4tzlich bieten wir Ihnen in Ihrem Portal einen eigenen Supportzugang, \u00fcber den Sie uns bei Supportanfragen direkt erreichen k\u00f6nnen.<\/p>\n\n\n\n<p>Die Buchung beinhaltet s\u00e4mtliche oben genannte Leistungen, inkl. pers\u00f6nlichem Zugang f\u00fcr einen Benutzer. Sie ben\u00f6tigen weitere Benutzer? Diese k\u00f6nnen auf Wunsch hinzu gebucht werden.<\/p>\n\n\n\n<p>Auf Wunsch bieten wir Ihnen auch eine komplette Hardwarel\u00f6sung zur Nutzung in Ihrem Gesch\u00e4ft an. Dies beinhaltet ein Tablet (Apple iPad), Tablet Stand, Handscanner und Drucker.<\/p>\n\n\n\n<p>Wir haben Ihr Interesse geweckt? Fordern Sie hier Ihr Angebot an: <a href=\"https:\/\/your-gift-card.de\/DE\/angebot-anfrage\/\" data-type=\"page\" data-id=\"75\">Angebot \/ Anfrage<\/a><\/p>\n\n\n\n<p>Beispielbilder:<\/p>\n\n\n\n<p>Login<\/p>\n\n\n\n<figure class=\"wp-block-image size-full is-resized\"><img loading=\"lazy\" decoding=\"async\" width=\"768\" height=\"990\" src=\"https:\/\/your-gift-card.de\/DE\/wp-content\/uploads\/2026\/03\/login-1-768x990-1.png\" alt=\"\" class=\"wp-image-96\" style=\"width:330px;height:auto\" srcset=\"https:\/\/your-gift-card.de\/DE\/wp-content\/uploads\/2026\/03\/login-1-768x990-1.png 768w, https:\/\/your-gift-card.de\/DE\/wp-content\/uploads\/2026\/03\/login-1-768x990-1-233x300.png 233w\" sizes=\"auto, (max-width: 767px) 89vw, (max-width: 1000px) 54vw, (max-width: 1071px) 543px, 580px\" \/><\/figure>\n\n\n\n<p>Startseite<\/p>\n\n\n\n<figure class=\"wp-block-image size-large\"><img loading=\"lazy\" decoding=\"async\" width=\"1024\" height=\"143\" src=\"https:\/\/your-gift-card.de\/DE\/wp-content\/uploads\/2026\/03\/Portal-1-scaled-1-1024x143.jpg\" alt=\"\" class=\"wp-image-97\" srcset=\"https:\/\/your-gift-card.de\/DE\/wp-content\/uploads\/2026\/03\/Portal-1-scaled-1-1024x143.jpg 1024w, https:\/\/your-gift-card.de\/DE\/wp-content\/uploads\/2026\/03\/Portal-1-scaled-1-300x42.jpg 300w, https:\/\/your-gift-card.de\/DE\/wp-content\/uploads\/2026\/03\/Portal-1-scaled-1-768x107.jpg 768w, https:\/\/your-gift-card.de\/DE\/wp-content\/uploads\/2026\/03\/Portal-1-scaled-1-1536x214.jpg 1536w, https:\/\/your-gift-card.de\/DE\/wp-content\/uploads\/2026\/03\/Portal-1-scaled-1-2048x286.jpg 2048w\" sizes=\"auto, (max-width: 767px) 89vw, (max-width: 1000px) 54vw, (max-width: 1071px) 543px, 580px\" \/><\/figure>\n\n\n\n<p>Gutschein \u00dcbersicht \/ Bestellungen<\/p>\n\n\n\n<figure class=\"wp-block-image size-large\"><img loading=\"lazy\" decoding=\"async\" width=\"1024\" height=\"332\" src=\"https:\/\/your-gift-card.de\/DE\/wp-content\/uploads\/2026\/03\/bestellungen-scaled-1-1024x332.jpg\" alt=\"\" class=\"wp-image-99\" srcset=\"https:\/\/your-gift-card.de\/DE\/wp-content\/uploads\/2026\/03\/bestellungen-scaled-1-1024x332.jpg 1024w, https:\/\/your-gift-card.de\/DE\/wp-content\/uploads\/2026\/03\/bestellungen-scaled-1-300x97.jpg 300w, https:\/\/your-gift-card.de\/DE\/wp-content\/uploads\/2026\/03\/bestellungen-scaled-1-768x249.jpg 768w, https:\/\/your-gift-card.de\/DE\/wp-content\/uploads\/2026\/03\/bestellungen-scaled-1-1536x497.jpg 1536w, https:\/\/your-gift-card.de\/DE\/wp-content\/uploads\/2026\/03\/bestellungen-scaled-1-2048x663.jpg 2048w\" sizes=\"auto, (max-width: 767px) 89vw, (max-width: 1000px) 54vw, (max-width: 1071px) 543px, 580px\" \/><\/figure>\n\n\n\n<p>Gutscheinansicht<\/p>\n\n\n\n<figure class=\"wp-block-image size-full is-resized\"><img loading=\"lazy\" decoding=\"async\" width=\"450\" height=\"681\" src=\"https:\/\/your-gift-card.de\/DE\/wp-content\/uploads\/2026\/03\/gutschein-450x681-1.jpg\" alt=\"\" class=\"wp-image-100\" style=\"aspect-ratio:0.6607935724857283;width:274px;height:auto\" srcset=\"https:\/\/your-gift-card.de\/DE\/wp-content\/uploads\/2026\/03\/gutschein-450x681-1.jpg 450w, https:\/\/your-gift-card.de\/DE\/wp-content\/uploads\/2026\/03\/gutschein-450x681-1-198x300.jpg 198w\" sizes=\"auto, (max-width: 450px) 100vw, 450px\" \/><\/figure>\n\n\n\n<p>Guthabenabfrage<\/p>\n\n\n\n<figure class=\"wp-block-gallery has-nested-images columns-default is-cropped wp-block-gallery-1 is-layout-flex wp-block-gallery-is-layout-flex\">\n<figure class=\"wp-block-image size-large is-resized\"><img loading=\"lazy\" decoding=\"async\" width=\"1024\" height=\"225\" data-id=\"101\" src=\"https:\/\/your-gift-card.de\/DE\/wp-content\/uploads\/2026\/03\/guthaben1-1-1024x225.jpg\" alt=\"\" class=\"wp-image-101\" style=\"width:462px;height:auto\" srcset=\"https:\/\/your-gift-card.de\/DE\/wp-content\/uploads\/2026\/03\/guthaben1-1-1024x225.jpg 1024w, https:\/\/your-gift-card.de\/DE\/wp-content\/uploads\/2026\/03\/guthaben1-1-300x66.jpg 300w, https:\/\/your-gift-card.de\/DE\/wp-content\/uploads\/2026\/03\/guthaben1-1-768x169.jpg 768w, https:\/\/your-gift-card.de\/DE\/wp-content\/uploads\/2026\/03\/guthaben1-1.jpg 1188w\" sizes=\"auto, (max-width: 767px) 89vw, (max-width: 1000px) 54vw, (max-width: 1071px) 543px, 580px\" \/><\/figure>\n<\/figure>\n\n\n\n<figure class=\"wp-block-image size-large is-resized\"><img loading=\"lazy\" decoding=\"async\" width=\"1024\" height=\"444\" src=\"https:\/\/your-gift-card.de\/DE\/wp-content\/uploads\/2026\/03\/guthaben2-1536x666-1-1024x444.png\" alt=\"\" class=\"wp-image-102\" style=\"width:460px;height:auto\" srcset=\"https:\/\/your-gift-card.de\/DE\/wp-content\/uploads\/2026\/03\/guthaben2-1536x666-1-1024x444.png 1024w, https:\/\/your-gift-card.de\/DE\/wp-content\/uploads\/2026\/03\/guthaben2-1536x666-1-300x130.png 300w, https:\/\/your-gift-card.de\/DE\/wp-content\/uploads\/2026\/03\/guthaben2-1536x666-1-768x333.png 768w, https:\/\/your-gift-card.de\/DE\/wp-content\/uploads\/2026\/03\/guthaben2-1536x666-1.png 1536w\" sizes=\"auto, (max-width: 767px) 89vw, (max-width: 1000px) 54vw, (max-width: 1071px) 543px, 580px\" \/><\/figure>\n\n\n\n<p>Support System<\/p>\n\n\n\n<figure class=\"wp-block-image size-large\"><img loading=\"lazy\" decoding=\"async\" width=\"1024\" height=\"348\" src=\"https:\/\/your-gift-card.de\/DE\/wp-content\/uploads\/2026\/03\/support-scaled-1-1024x348.jpg\" alt=\"\" class=\"wp-image-104\" srcset=\"https:\/\/your-gift-card.de\/DE\/wp-content\/uploads\/2026\/03\/support-scaled-1-1024x348.jpg 1024w, https:\/\/your-gift-card.de\/DE\/wp-content\/uploads\/2026\/03\/support-scaled-1-300x102.jpg 300w, https:\/\/your-gift-card.de\/DE\/wp-content\/uploads\/2026\/03\/support-scaled-1-768x261.jpg 768w, https:\/\/your-gift-card.de\/DE\/wp-content\/uploads\/2026\/03\/support-scaled-1-1536x522.jpg 1536w, https:\/\/your-gift-card.de\/DE\/wp-content\/uploads\/2026\/03\/support-scaled-1-2048x696.jpg 2048w\" sizes=\"auto, (max-width: 767px) 89vw, (max-width: 1000px) 54vw, (max-width: 1071px) 543px, 580px\" \/><\/figure>\n\n\n\n<p>Gutscheinerstellung<\/p>\n\n\n\n<figure class=\"wp-block-image size-large\"><img loading=\"lazy\" decoding=\"async\" width=\"1024\" height=\"296\" src=\"https:\/\/your-gift-card.de\/DE\/wp-content\/uploads\/2026\/03\/hinzufuegen1-1-scaled-1-1024x296.jpg\" alt=\"\" class=\"wp-image-105\" srcset=\"https:\/\/your-gift-card.de\/DE\/wp-content\/uploads\/2026\/03\/hinzufuegen1-1-scaled-1-1024x296.jpg 1024w, https:\/\/your-gift-card.de\/DE\/wp-content\/uploads\/2026\/03\/hinzufuegen1-1-scaled-1-300x87.jpg 300w, https:\/\/your-gift-card.de\/DE\/wp-content\/uploads\/2026\/03\/hinzufuegen1-1-scaled-1-768x222.jpg 768w, https:\/\/your-gift-card.de\/DE\/wp-content\/uploads\/2026\/03\/hinzufuegen1-1-scaled-1-1536x444.jpg 1536w, https:\/\/your-gift-card.de\/DE\/wp-content\/uploads\/2026\/03\/hinzufuegen1-1-scaled-1-2048x592.jpg 2048w\" sizes=\"auto, (max-width: 767px) 89vw, (max-width: 1000px) 54vw, (max-width: 1071px) 543px, 580px\" \/><\/figure>\n\n\n\n<figure class=\"wp-block-image size-large\"><img loading=\"lazy\" decoding=\"async\" width=\"1024\" height=\"362\" src=\"https:\/\/your-gift-card.de\/DE\/wp-content\/uploads\/2026\/03\/hinzufuegen2-1-scaled-1-1024x362.jpg\" alt=\"\" class=\"wp-image-106\" srcset=\"https:\/\/your-gift-card.de\/DE\/wp-content\/uploads\/2026\/03\/hinzufuegen2-1-scaled-1-1024x362.jpg 1024w, https:\/\/your-gift-card.de\/DE\/wp-content\/uploads\/2026\/03\/hinzufuegen2-1-scaled-1-300x106.jpg 300w, https:\/\/your-gift-card.de\/DE\/wp-content\/uploads\/2026\/03\/hinzufuegen2-1-scaled-1-768x272.jpg 768w, https:\/\/your-gift-card.de\/DE\/wp-content\/uploads\/2026\/03\/hinzufuegen2-1-scaled-1-1536x544.jpg 1536w, https:\/\/your-gift-card.de\/DE\/wp-content\/uploads\/2026\/03\/hinzufuegen2-1-scaled-1-2048x725.jpg 2048w\" sizes=\"auto, (max-width: 767px) 89vw, (max-width: 1000px) 54vw, (max-width: 1071px) 543px, 580px\" \/><\/figure>\n\n\n\n<figure class=\"wp-block-image size-large\"><img loading=\"lazy\" decoding=\"async\" width=\"1024\" height=\"391\" src=\"https:\/\/your-gift-card.de\/DE\/wp-content\/uploads\/2026\/03\/hinzufuegen3-1-scaled-1-1024x391.jpg\" alt=\"\" class=\"wp-image-107\" srcset=\"https:\/\/your-gift-card.de\/DE\/wp-content\/uploads\/2026\/03\/hinzufuegen3-1-scaled-1-1024x391.jpg 1024w, https:\/\/your-gift-card.de\/DE\/wp-content\/uploads\/2026\/03\/hinzufuegen3-1-scaled-1-300x114.jpg 300w, https:\/\/your-gift-card.de\/DE\/wp-content\/uploads\/2026\/03\/hinzufuegen3-1-scaled-1-768x293.jpg 768w, https:\/\/your-gift-card.de\/DE\/wp-content\/uploads\/2026\/03\/hinzufuegen3-1-scaled-1-1536x586.jpg 1536w, https:\/\/your-gift-card.de\/DE\/wp-content\/uploads\/2026\/03\/hinzufuegen3-1-scaled-1-2048x782.jpg 2048w\" sizes=\"auto, (max-width: 767px) 89vw, (max-width: 1000px) 54vw, (max-width: 1071px) 543px, 580px\" \/><\/figure>\n\n\n\n<figure class=\"wp-block-image size-large\"><img loading=\"lazy\" decoding=\"async\" width=\"1024\" height=\"426\" src=\"https:\/\/your-gift-card.de\/DE\/wp-content\/uploads\/2026\/03\/hinzufuegen4-1-scaled-1-1024x426.jpg\" alt=\"\" class=\"wp-image-108\" srcset=\"https:\/\/your-gift-card.de\/DE\/wp-content\/uploads\/2026\/03\/hinzufuegen4-1-scaled-1-1024x426.jpg 1024w, https:\/\/your-gift-card.de\/DE\/wp-content\/uploads\/2026\/03\/hinzufuegen4-1-scaled-1-300x125.jpg 300w, https:\/\/your-gift-card.de\/DE\/wp-content\/uploads\/2026\/03\/hinzufuegen4-1-scaled-1-768x319.jpg 768w, https:\/\/your-gift-card.de\/DE\/wp-content\/uploads\/2026\/03\/hinzufuegen4-1-scaled-1-1536x638.jpg 1536w, https:\/\/your-gift-card.de\/DE\/wp-content\/uploads\/2026\/03\/hinzufuegen4-1-scaled-1-2048x851.jpg 2048w\" sizes=\"auto, (max-width: 767px) 89vw, (max-width: 1000px) 54vw, (max-width: 1071px) 543px, 580px\" \/><\/figure>\n","protected":false},"excerpt":{"rendered":"<p>Sie m\u00f6chten Ihren Kunden nicht nur vorgefertigte und eigens beschriftete Geschenkkarten anbieten, sondern bevorzugen gedruckte L\u00f6sungen, bzw. Gutscheine per Email? Dann ist unser Online-Portal die richtige L\u00f6sung f\u00fcr Sie. Was wir Ihnen bieten? Sie erhalten Zugang zu Ihrem eigenen Portal f\u00fcr Geschenkkarten. Dort k\u00f6nnen Sie einfach eigenst\u00e4ndig Geschenkkarten im .PDF Format erstellen, und drucken, oder &hellip; <\/p>\n<p class=\"link-more\"><a href=\"https:\/\/your-gift-card.de\/DE\/portal-leistungen\/\" class=\"more-link\"><span class=\"screen-reader-text\">\u201ePortal \/ Leistungen\u201c <\/span>weiterlesen<\/a><\/p>\n","protected":false},"author":1,"featured_media":0,"parent":0,"menu_order":0,"comment_status":"closed","ping_status":"closed","template":"","meta":{"footnotes":""},"class_list":["post-73","page","type-page","status-publish","hentry"],"_links":{"self":[{"href":"https:\/\/your-gift-card.de\/DE\/wp-json\/wp\/v2\/pages\/73","targetHints":{"allow":["GET"]}}],"collection":[{"href":"https:\/\/your-gift-card.de\/DE\/wp-json\/wp\/v2\/pages"}],"about":[{"href":"https:\/\/your-gift-card.de\/DE\/wp-json\/wp\/v2\/types\/page"}],"author":[{"embeddable":true,"href":"https:\/\/your-gift-card.de\/DE\/wp-json\/wp\/v2\/users\/1"}],"replies":[{"embeddable":true,"href":"https:\/\/your-gift-card.de\/DE\/wp-json\/wp\/v2\/comments?post=73"}],"version-history":[{"count":3,"href":"https:\/\/your-gift-card.de\/DE\/wp-json\/wp\/v2\/pages\/73\/revisions"}],"predecessor-version":[{"id":109,"href":"https:\/\/your-gift-card.de\/DE\/wp-json\/wp\/v2\/pages\/73\/revisions\/109"}],"wp:attachment":[{"href":"https:\/\/your-gift-card.de\/DE\/wp-json\/wp\/v2\/media?parent=73"}],"curies":[{"name":"wp","href":"https:\/\/api.w.org\/{rel}","templated":true}]}}