{"id":71,"date":"2026-03-19T21:39:32","date_gmt":"2026-03-19T20:39:32","guid":{"rendered":"https:\/\/your-gift-card.de\/DE\/?page_id=71"},"modified":"2026-03-21T15:35:15","modified_gmt":"2026-03-21T14:35:15","slug":"geschenkkarten","status":"publish","type":"page","link":"https:\/\/your-gift-card.de\/DE\/geschenkkarten\/","title":{"rendered":"Geschenkkarten"},"content":{"rendered":"\n<p>Geschenkkarten sind die Beste Methode eine Kundenbindung er erzielen.<\/p>\n\n\n\n<p>Kunden kommen wieder, und neue Kunden k\u00f6nnen gewonnen werden.<\/p>\n\n\n\n<p>Wir bieten Ihnen verschiedene L\u00f6sungen, Ihren Kunden eigene Geschenkkarten anzubieten.<\/p>\n\n\n\n<p>Sie m\u00f6chten es m\u00f6glichst einfach halten? Dann bieten wir Ihnen Geschenkkarten, welche individuell beschriftet werden k\u00f6nnen.<\/p>\n\n\n\n<p>Diese Karten gibt es Wahlweise als Hartpappe, beschreibbar mit einem klassischen Kugelschreiber, oder in Kunststoff beschreibbar beispielsweise mit einem Edding oder Folienstift. Die Kunstsoffl\u00f6sungen gibt es wahlweise als g\u00fcnstigere Variante gefertigt aus d\u00fcnnem Kunststoff, oder Langlebig als richtige Plastikkarte, \u00e4hnlich einer EC-Karte, Kreditkarte oder Kundenkarte.<\/p>\n\n\n\n<p>Die R\u00fcckseite der Karte kann ebenfalls individuell gestaltet werden. M\u00f6gliche Felder sind eine Karten- oder Seriennummer, Gutscheinwert, und Name des Unternehmens.<\/p>\n\n\n\n<p>Die Vorderseite kann mit einem eigenen Wunschmotiv erstellt werden, oder alternativ in einem Neutralen Motiv, bzw. unserem Logo.<\/p>\n\n\n\n<p>Wir bieten Ihnen kleine, bis gro\u00dfe St\u00fcckzahlen.<\/p>\n\n\n\n<p>Fordern Sie gerne ein individuelles Angebot von uns ein.<\/p>\n\n\n\n<p>Sie m\u00f6chten lieber eine Komplettl\u00f6sung, inkl. Gutscheinportal? Auch hier bieten wir Ihnen gerne die passende L\u00f6sung auf unserem Reiter <a href=\"https:\/\/your-gift-card.de\/DE\/portal-leistungen\/\" data-type=\"page\" data-id=\"73\">Portal \/ Leistungen<\/a><\/p>\n\n\n\n<p>Geschenkkarten Beispiele:<\/p>\n\n\n\n<p>Vorderseite<\/p>\n\n\n\n<div class=\"wp-block-columns is-layout-flex wp-container-core-columns-is-layout-9d6595d7 wp-block-columns-is-layout-flex\">\n<div class=\"wp-block-column is-layout-flow wp-block-column-is-layout-flow\" style=\"flex-basis:100%\">\n<figure class=\"wp-block-gallery has-nested-images columns-default is-cropped wp-block-gallery-1 is-layout-flex wp-block-gallery-is-layout-flex\">\n<figure class=\"wp-block-image size-large\"><img loading=\"lazy\" decoding=\"async\" width=\"800\" height=\"550\" data-id=\"110\" src=\"https:\/\/your-gift-card.de\/DE\/wp-content\/uploads\/2026\/03\/Front1.jpg\" alt=\"\" class=\"wp-image-110\" srcset=\"https:\/\/your-gift-card.de\/DE\/wp-content\/uploads\/2026\/03\/Front1.jpg 800w, https:\/\/your-gift-card.de\/DE\/wp-content\/uploads\/2026\/03\/Front1-300x206.jpg 300w, https:\/\/your-gift-card.de\/DE\/wp-content\/uploads\/2026\/03\/Front1-768x528.jpg 768w\" sizes=\"auto, (max-width: 767px) 89vw, (max-width: 1000px) 54vw, (max-width: 1071px) 543px, 580px\" \/><\/figure>\n\n\n\n<figure class=\"wp-block-image size-full\"><img loading=\"lazy\" decoding=\"async\" width=\"800\" height=\"550\" data-id=\"125\" src=\"https:\/\/your-gift-card.de\/DE\/wp-content\/uploads\/2026\/03\/Bildschirmfoto-2024-02-19-um-20.43.52-Kopie-5.jpg\" alt=\"\" class=\"wp-image-125\" srcset=\"https:\/\/your-gift-card.de\/DE\/wp-content\/uploads\/2026\/03\/Bildschirmfoto-2024-02-19-um-20.43.52-Kopie-5.jpg 800w, https:\/\/your-gift-card.de\/DE\/wp-content\/uploads\/2026\/03\/Bildschirmfoto-2024-02-19-um-20.43.52-Kopie-5-300x206.jpg 300w, https:\/\/your-gift-card.de\/DE\/wp-content\/uploads\/2026\/03\/Bildschirmfoto-2024-02-19-um-20.43.52-Kopie-5-768x528.jpg 768w\" sizes=\"auto, (max-width: 767px) 89vw, (max-width: 1000px) 54vw, (max-width: 1071px) 543px, 580px\" \/><\/figure>\n<\/figure>\n<\/div>\n<\/div>\n\n\n\n<figure class=\"wp-block-gallery has-nested-images columns-default is-cropped wp-block-gallery-2 is-layout-flex wp-block-gallery-is-layout-flex\">\n<figure class=\"wp-block-image size-full\"><img loading=\"lazy\" decoding=\"async\" width=\"800\" height=\"550\" data-id=\"126\" src=\"https:\/\/your-gift-card.de\/DE\/wp-content\/uploads\/2026\/03\/Bildschirmfoto-2024-06-29-um-18.58.21-Kopie.png.jpg\" alt=\"\" class=\"wp-image-126\" srcset=\"https:\/\/your-gift-card.de\/DE\/wp-content\/uploads\/2026\/03\/Bildschirmfoto-2024-06-29-um-18.58.21-Kopie.png.jpg 800w, https:\/\/your-gift-card.de\/DE\/wp-content\/uploads\/2026\/03\/Bildschirmfoto-2024-06-29-um-18.58.21-Kopie.png-300x206.jpg 300w, https:\/\/your-gift-card.de\/DE\/wp-content\/uploads\/2026\/03\/Bildschirmfoto-2024-06-29-um-18.58.21-Kopie.png-768x528.jpg 768w\" sizes=\"auto, (max-width: 767px) 89vw, (max-width: 1000px) 54vw, (max-width: 1071px) 543px, 580px\" \/><\/figure>\n\n\n\n<figure class=\"wp-block-image size-full\"><img loading=\"lazy\" decoding=\"async\" width=\"835\" height=\"550\" data-id=\"127\" src=\"https:\/\/your-gift-card.de\/DE\/wp-content\/uploads\/2026\/03\/Bildschirmfoto-2024-02-19-um-20.43.52-Kopie-4.jpg\" alt=\"\" class=\"wp-image-127\" srcset=\"https:\/\/your-gift-card.de\/DE\/wp-content\/uploads\/2026\/03\/Bildschirmfoto-2024-02-19-um-20.43.52-Kopie-4.jpg 835w, https:\/\/your-gift-card.de\/DE\/wp-content\/uploads\/2026\/03\/Bildschirmfoto-2024-02-19-um-20.43.52-Kopie-4-300x198.jpg 300w, https:\/\/your-gift-card.de\/DE\/wp-content\/uploads\/2026\/03\/Bildschirmfoto-2024-02-19-um-20.43.52-Kopie-4-768x506.jpg 768w\" sizes=\"auto, (max-width: 767px) 89vw, (max-width: 1000px) 54vw, (max-width: 1071px) 543px, 580px\" \/><\/figure>\n<\/figure>\n\n\n<div class=\"wp-block-image\">\n<figure class=\"aligncenter size-full is-resized\"><img loading=\"lazy\" decoding=\"async\" width=\"800\" height=\"550\" src=\"https:\/\/your-gift-card.de\/DE\/wp-content\/uploads\/2026\/03\/Front2.jpg\" alt=\"\" class=\"wp-image-115\" style=\"width:494px;height:auto\" srcset=\"https:\/\/your-gift-card.de\/DE\/wp-content\/uploads\/2026\/03\/Front2.jpg 800w, https:\/\/your-gift-card.de\/DE\/wp-content\/uploads\/2026\/03\/Front2-300x206.jpg 300w, https:\/\/your-gift-card.de\/DE\/wp-content\/uploads\/2026\/03\/Front2-768x528.jpg 768w\" sizes=\"auto, (max-width: 767px) 89vw, (max-width: 1000px) 54vw, (max-width: 1071px) 543px, 580px\" \/><\/figure>\n<\/div>\n\n\n<p>R\u00fcckseite <\/p>\n\n\n\n<figure class=\"wp-block-gallery has-nested-images columns-default is-cropped wp-block-gallery-3 is-layout-flex wp-block-gallery-is-layout-flex\">\n<figure class=\"wp-block-image size-large\"><img loading=\"lazy\" decoding=\"async\" width=\"800\" height=\"550\" data-id=\"117\" src=\"https:\/\/your-gift-card.de\/DE\/wp-content\/uploads\/2026\/03\/Gutschein_Back_V1-Kopie.jpg\" alt=\"\" class=\"wp-image-117\" srcset=\"https:\/\/your-gift-card.de\/DE\/wp-content\/uploads\/2026\/03\/Gutschein_Back_V1-Kopie.jpg 800w, https:\/\/your-gift-card.de\/DE\/wp-content\/uploads\/2026\/03\/Gutschein_Back_V1-Kopie-300x206.jpg 300w, https:\/\/your-gift-card.de\/DE\/wp-content\/uploads\/2026\/03\/Gutschein_Back_V1-Kopie-768x528.jpg 768w\" sizes=\"auto, (max-width: 767px) 89vw, (max-width: 1000px) 54vw, (max-width: 1071px) 543px, 580px\" \/><\/figure>\n\n\n\n<figure class=\"wp-block-image size-large\"><img loading=\"lazy\" decoding=\"async\" width=\"800\" height=\"550\" data-id=\"118\" src=\"https:\/\/your-gift-card.de\/DE\/wp-content\/uploads\/2026\/03\/Gutschein_Back_V2-Kopie.jpg\" alt=\"\" class=\"wp-image-118\" srcset=\"https:\/\/your-gift-card.de\/DE\/wp-content\/uploads\/2026\/03\/Gutschein_Back_V2-Kopie.jpg 800w, https:\/\/your-gift-card.de\/DE\/wp-content\/uploads\/2026\/03\/Gutschein_Back_V2-Kopie-300x206.jpg 300w, https:\/\/your-gift-card.de\/DE\/wp-content\/uploads\/2026\/03\/Gutschein_Back_V2-Kopie-768x528.jpg 768w\" sizes=\"auto, (max-width: 767px) 89vw, (max-width: 1000px) 54vw, (max-width: 1071px) 543px, 580px\" \/><\/figure>\n<\/figure>\n\n\n\n<figure class=\"wp-block-gallery has-nested-images columns-default is-cropped wp-block-gallery-4 is-layout-flex wp-block-gallery-is-layout-flex\">\n<figure class=\"wp-block-image size-large\"><img loading=\"lazy\" decoding=\"async\" width=\"800\" height=\"550\" data-id=\"119\" src=\"https:\/\/your-gift-card.de\/DE\/wp-content\/uploads\/2026\/03\/Gutschein_Back_V3-Kopie.jpg\" alt=\"\" class=\"wp-image-119\" srcset=\"https:\/\/your-gift-card.de\/DE\/wp-content\/uploads\/2026\/03\/Gutschein_Back_V3-Kopie.jpg 800w, https:\/\/your-gift-card.de\/DE\/wp-content\/uploads\/2026\/03\/Gutschein_Back_V3-Kopie-300x206.jpg 300w, https:\/\/your-gift-card.de\/DE\/wp-content\/uploads\/2026\/03\/Gutschein_Back_V3-Kopie-768x528.jpg 768w\" sizes=\"auto, (max-width: 767px) 89vw, (max-width: 1000px) 54vw, (max-width: 1071px) 543px, 580px\" \/><\/figure>\n\n\n\n<figure class=\"wp-block-image size-large\"><img loading=\"lazy\" decoding=\"async\" width=\"800\" height=\"550\" data-id=\"120\" src=\"https:\/\/your-gift-card.de\/DE\/wp-content\/uploads\/2026\/03\/Gutschein_Rueckseite_V1-Kopie-4.jpg\" alt=\"\" class=\"wp-image-120\" srcset=\"https:\/\/your-gift-card.de\/DE\/wp-content\/uploads\/2026\/03\/Gutschein_Rueckseite_V1-Kopie-4.jpg 800w, https:\/\/your-gift-card.de\/DE\/wp-content\/uploads\/2026\/03\/Gutschein_Rueckseite_V1-Kopie-4-300x206.jpg 300w, https:\/\/your-gift-card.de\/DE\/wp-content\/uploads\/2026\/03\/Gutschein_Rueckseite_V1-Kopie-4-768x528.jpg 768w\" sizes=\"auto, (max-width: 767px) 89vw, (max-width: 1000px) 54vw, (max-width: 1071px) 543px, 580px\" \/><\/figure>\n<\/figure>\n\n\n<div class=\"wp-block-image\">\n<figure class=\"aligncenter size-full is-resized\"><img loading=\"lazy\" decoding=\"async\" width=\"1000\" height=\"630\" src=\"https:\/\/your-gift-card.de\/DE\/wp-content\/uploads\/2026\/03\/Your-Gift-Card-back-Kopie.jpg\" alt=\"\" class=\"wp-image-121\" style=\"aspect-ratio:1.5873413063477462;width:500px;height:auto\" srcset=\"https:\/\/your-gift-card.de\/DE\/wp-content\/uploads\/2026\/03\/Your-Gift-Card-back-Kopie.jpg 1000w, https:\/\/your-gift-card.de\/DE\/wp-content\/uploads\/2026\/03\/Your-Gift-Card-back-Kopie-300x189.jpg 300w, https:\/\/your-gift-card.de\/DE\/wp-content\/uploads\/2026\/03\/Your-Gift-Card-back-Kopie-768x484.jpg 768w\" sizes=\"auto, (max-width: 767px) 89vw, (max-width: 1000px) 54vw, (max-width: 1071px) 543px, 580px\" \/><\/figure>\n<\/div>\n\n\n<p><\/p>\n","protected":false},"excerpt":{"rendered":"<p>Geschenkkarten sind die Beste Methode eine Kundenbindung er erzielen. Kunden kommen wieder, und neue Kunden k\u00f6nnen gewonnen werden. Wir bieten Ihnen verschiedene L\u00f6sungen, Ihren Kunden eigene Geschenkkarten anzubieten. Sie m\u00f6chten es m\u00f6glichst einfach halten? Dann bieten wir Ihnen Geschenkkarten, welche individuell beschriftet werden k\u00f6nnen. Diese Karten gibt es Wahlweise als Hartpappe, beschreibbar mit einem klassischen &hellip; <\/p>\n<p class=\"link-more\"><a href=\"https:\/\/your-gift-card.de\/DE\/geschenkkarten\/\" class=\"more-link\"><span class=\"screen-reader-text\">\u201eGeschenkkarten\u201c <\/span>weiterlesen<\/a><\/p>\n","protected":false},"author":1,"featured_media":0,"parent":0,"menu_order":0,"comment_status":"closed","ping_status":"closed","template":"","meta":{"footnotes":""},"class_list":["post-71","page","type-page","status-publish","hentry"],"_links":{"self":[{"href":"https:\/\/your-gift-card.de\/DE\/wp-json\/wp\/v2\/pages\/71","targetHints":{"allow":["GET"]}}],"collection":[{"href":"https:\/\/your-gift-card.de\/DE\/wp-json\/wp\/v2\/pages"}],"about":[{"href":"https:\/\/your-gift-card.de\/DE\/wp-json\/wp\/v2\/types\/page"}],"author":[{"embeddable":true,"href":"https:\/\/your-gift-card.de\/DE\/wp-json\/wp\/v2\/users\/1"}],"replies":[{"embeddable":true,"href":"https:\/\/your-gift-card.de\/DE\/wp-json\/wp\/v2\/comments?post=71"}],"version-history":[{"count":8,"href":"https:\/\/your-gift-card.de\/DE\/wp-json\/wp\/v2\/pages\/71\/revisions"}],"predecessor-version":[{"id":128,"href":"https:\/\/your-gift-card.de\/DE\/wp-json\/wp\/v2\/pages\/71\/revisions\/128"}],"wp:attachment":[{"href":"https:\/\/your-gift-card.de\/DE\/wp-json\/wp\/v2\/media?parent=71"}],"curies":[{"name":"wp","href":"https:\/\/api.w.org\/{rel}","templated":true}]}}