{"id":19,"date":"2026-03-19T17:33:26","date_gmt":"2026-03-19T16:33:26","guid":{"rendered":"https:\/\/your-gift-card.de\/DE\/?page_id=19"},"modified":"2026-03-21T15:50:10","modified_gmt":"2026-03-21T14:50:10","slug":"start","status":"publish","type":"page","link":"https:\/\/your-gift-card.de\/DE\/","title":{"rendered":"Start"},"content":{"rendered":"\n<p>Willkommen bei Your Gift Card<\/p>\n\n\n\n<p>Ihr Partner rund um das Thema Geschenkkarten.<\/p>\n\n\n\n<p><\/p>\n\n\n\n<p>Wir bieten Geschenkkarten L\u00f6sungen, sowie ein Gutscheinportal f\u00fcr Ihr Unternehmen. Ideal f\u00fcr kleine Betriebe, Restaurants, Handel und andere Dienstleistungsbereiche.<\/p>\n\n\n\n<p>Gerne bieten wir auch Ihnen eine passende L\u00f6sung. Wir freuen uns auf Ihre Kontaktanfrage, und unterbreiten Ihnen ein passendes Angebot.<\/p>\n\n\n\n<p><\/p>\n\n\n\n<p>F\u00fcr Private Sammler bieten wir einen Shop mit einer gro\u00dfen Auswahl an Geschenkkarten verschiedener Anbieter um Ihre Sammlung zu erg\u00e4nzen.<\/p>\n\n\n\n<p><\/p>\n","protected":false},"excerpt":{"rendered":"<p>Willkommen bei Your Gift Card Ihr Partner rund um das Thema Geschenkkarten. Wir bieten Geschenkkarten L\u00f6sungen, sowie ein Gutscheinportal f\u00fcr Ihr Unternehmen. Ideal f\u00fcr kleine Betriebe, Restaurants, Handel und andere Dienstleistungsbereiche. Gerne bieten wir auch Ihnen eine passende L\u00f6sung. Wir freuen uns auf Ihre Kontaktanfrage, und unterbreiten Ihnen ein passendes Angebot. F\u00fcr Private Sammler bieten &hellip; <\/p>\n<p class=\"link-more\"><a href=\"https:\/\/your-gift-card.de\/DE\/\" class=\"more-link\"><span class=\"screen-reader-text\">\u201eStart\u201c <\/span>weiterlesen<\/a><\/p>\n","protected":false},"author":1,"featured_media":0,"parent":0,"menu_order":0,"comment_status":"closed","ping_status":"closed","template":"","meta":{"footnotes":""},"class_list":["post-19","page","type-page","status-publish","hentry"],"_links":{"self":[{"href":"https:\/\/your-gift-card.de\/DE\/wp-json\/wp\/v2\/pages\/19","targetHints":{"allow":["GET"]}}],"collection":[{"href":"https:\/\/your-gift-card.de\/DE\/wp-json\/wp\/v2\/pages"}],"about":[{"href":"https:\/\/your-gift-card.de\/DE\/wp-json\/wp\/v2\/types\/page"}],"author":[{"embeddable":true,"href":"https:\/\/your-gift-card.de\/DE\/wp-json\/wp\/v2\/users\/1"}],"replies":[{"embeddable":true,"href":"https:\/\/your-gift-card.de\/DE\/wp-json\/wp\/v2\/comments?post=19"}],"version-history":[{"count":5,"href":"https:\/\/your-gift-card.de\/DE\/wp-json\/wp\/v2\/pages\/19\/revisions"}],"predecessor-version":[{"id":133,"href":"https:\/\/your-gift-card.de\/DE\/wp-json\/wp\/v2\/pages\/19\/revisions\/133"}],"wp:attachment":[{"href":"https:\/\/your-gift-card.de\/DE\/wp-json\/wp\/v2\/media?parent=19"}],"curies":[{"name":"wp","href":"https:\/\/api.w.org\/{rel}","templated":true}]}}